{"id":12090,"date":"2019-02-13T12:18:06","date_gmt":"2019-02-13T12:18:06","guid":{"rendered":"http:\/\/192.168.0.42\/?page_id=12090"},"modified":"2025-11-14T09:43:26","modified_gmt":"2025-11-14T08:43:26","slug":"urbanismo","status":"publish","type":"page","link":"https:\/\/www.mijas.es\/portal\/urbanismo\/","title":{"rendered":"Urbanismo"},"content":{"rendered":"\n<h2 class=\"wp-block-heading has-vivid-red-color has-text-color\">Nuevo horario de atenci\u00f3n al p\u00fablico, para consultas generales en Urbanismo, es lunes y mi\u00e9rcoles de 10:00 a 12:00 h<\/h2>\n\n\n\n<p>\n\tBienvenidos a esta p\u00e1gina Web de Urbanismo.<\/p>\n\n\n\n<p> Se inicia una nueva etapa con aires de transformaci\u00f3n y apertura a los  mije\u00f1os y en general a todos los usuarios de este portal. El  Ayuntamiento de Mijas, desde la Concejal\u00eda de Urbanismo, se ha  comprometido con su ciudadan\u00eda a aunar esfuerzos e impulsar y trasladar  un nuevo funcionamiento de trabajo.<\/p>\n\n\n\n<p>\n\tLas nuevas tecnolog\u00edas requieren nuevos cambios, y este portal le da la\n oportunidad a los ciudadanos de estar informados constantemente, \naccediendo a los contenidos urban\u00edsticos, realizando cualquier tr\u00e1mite y\n servicio desde su propio ordenador.<\/p>\n\n\n\n<p>\n\t<strong>Un recorrido por MIJAS<\/strong><\/p>\n\n\n\n<p>\n\tMunicipio andaluz, perteneciente a la provincia de M\u00e1laga, situado en \nla denominada Costa del Sol Occidental, con sus 148 kil\u00f3metros cuadrados\n de superficie, cuenta con 14 km. de costa.<\/p>\n\n\n\n<p>\n\tUbicado entre los municipios vecinos de Fuengirola al este y Marbella \nal oeste, es un para\u00edso que nace en la falda verde de los pinos de \nSierra Blanca, dando lugar al n\u00facleo llamado \u201cMIJAS PUEBLO\u201d, a unos 450 \nmetros sobre el nivel del mar. Declarada Villa Muy Leal y Conjunto \nHist\u00f3rico Art\u00edstico, se establece como centro hist\u00f3rico.<\/p>\n\n\n\n<p>\n\tPueblo blanco que a lo largo de los a\u00f1os ha sabido conservar el tipismo\n que lo caracteriza, con sus casas encaladas, paseos serenos por sus \ncalles, y un balc\u00f3n sobre la costa que hace que sea un privilegiado \nasomarse a \u00e9l.<\/p>\n\n\n\n<p>\n\tDesliz\u00e1ndose como un suave manto, se llega a la atractiva Mijas Costa, \nencontr\u00e1ndose a su paso con un segundo n\u00facleo denominado \u201cLAS LAGUNAS DE\n MIJAS\u201d.<\/p>\n\n\n\n<p>\n\tEs la zona moderna, industrial y comercial del municipio, la de mayor densidad de poblaci\u00f3n.<\/p>\n\n\n\n<p>\n\tY a orillas del azul del Mar Mediterr\u00e1neo, nos encontramos con su \ntercer bello n\u00facleo, el costero, la preciosa, \u201cLA CALA DE MIJAS\u201d.<\/p>\n\n\n\n<p>\n\tEstos son los tres n\u00facleos de poblaci\u00f3n que componen Mijas, con sus \ntres colores, el verde de los pinos, el blanco de sus casas y el azul de\n su mar.<br>\n\tA estos tres n\u00facleos urbanos se les unen una gran cantidad de \nurbanizaciones y diseminados repartidos a lo largo y ancho del \nmunicipio.<\/p>\n\n\n\n<p>\n\tTodas estas particularidades y muchas m\u00e1s, hacen de Mijas, un municipio\n especial, peculiar e inimitable, diferente a todos los dem\u00e1s.<\/p>\n\n\n\n<p> La configuraci\u00f3n de estos tres n\u00facleos ha hecho que la evoluci\u00f3n  demogr\u00e1fica de Mijas haya sido espectacular, aumentando en los \u00faltimos  diez a\u00f1os el doble de su poblaci\u00f3n, con lo que Mijas se convierte en  unos de los municipios m\u00e1s poblados de la provincia de M\u00e1laga con m\u00e1s de  100.000 habitantes.<\/p>\n\n\n\n<p> Es por este motivo que la planificaci\u00f3n urban\u00edstica es fundamental para  el desarrollo de la vida de los mije\u00f1os y de todos los que conviven y  conforman nuestro pueblo de Mijas.<\/p>\n\n\n\n<p>\n\tNo solo debe ser utilizado el urbanismo como ordenaci\u00f3n integral del \nterritorio, sino que adem\u00e1s tiene que ser la herramienta que proporcione\n el bienestar individual de la persona.<\/p>\n\n\n\n<p> Estas singularidades, crea un nuevo giro en funci\u00f3n del trabajo interno  del nuevo y renovado urbanismo en Mijas, por lo que para agilizar los  tr\u00e1mites a los usuarios, se ha unificado la anterior Oficina T\u00e9cnica y  el Departamento de Urbanismo en una sola \u00c1rea, creando la Delegaci\u00f3n de  Urbanismo, con sus diferentes secciones como son: Licencias,  Planeamiento, Infraestructuras, Proyectos Municipales, Industria,  Disciplina Urban\u00edstica, Seguridad, Est\u00e9tica y Conservaci\u00f3n.<\/p>\n\n\n\n<p>\n\tLa trascendencia de este cambio es que ahora prevalece el expediente \nsobre las diferentes secciones citadas, agilizando tanto el trabajo \nt\u00e9cnico como administrativo, y todo en beneficio de los usuarios.<\/p>\n\n\n\n<p> La Concejal\u00eda de Urbanismos sigue trabajando por y para todos,  mejorando la eficiencia en su gesti\u00f3n, inspeccionando y controlando en  los t\u00e9rminos establecidos por la Ley, a fin de que construyamos entre  todos una Mijas mejor.<\/p>\n\n\n\n<p class=\"has-text-align-center\"> Direcci\u00f3n: Avenida Virgen de la Pe\u00f1a N\u00ba 2<br><br> Licencias de Obra, Industria, Vados y Consultas &#8211; Planta -3<br> Disciplina Urban\u00edstica \u2013 Planta -3<br><br> Tel\u00e9fono: 952589030<br> Fax: 952589031<br> Correo Electr\u00f3nico: <a href=\"mailto:secretariaurbanismo@mijas.es\">secretariaurbanismo@mijas.es<\/a><\/p>\n","protected":false},"excerpt":{"rendered":"<p>Nuevo horario de atenci\u00f3n al p\u00fablico, para consultas generales en Urbanismo, es lunes y mi\u00e9rcoles de 10:00 a 12:00 h Bienvenidos a esta p\u00e1gina Web de Urbanismo. Se inicia una nueva etapa con aires de transformaci\u00f3n y apertura a los mije\u00f1os y en general a todos los usuarios de este portal. El Ayuntamiento de Mijas, [&hellip;]<\/p>\n","protected":false},"author":1,"featured_media":12675,"parent":0,"menu_order":0,"comment_status":"closed","ping_status":"closed","template":"page-departamental.php","meta":[],"_links":{"self":[{"href":"https:\/\/www.mijas.es\/portal\/wp-json\/wp\/v2\/pages\/12090"}],"collection":[{"href":"https:\/\/www.mijas.es\/portal\/wp-json\/wp\/v2\/pages"}],"about":[{"href":"https:\/\/www.mijas.es\/portal\/wp-json\/wp\/v2\/types\/page"}],"author":[{"embeddable":true,"href":"https:\/\/www.mijas.es\/portal\/wp-json\/wp\/v2\/users\/1"}],"replies":[{"embeddable":true,"href":"https:\/\/www.mijas.es\/portal\/wp-json\/wp\/v2\/comments?post=12090"}],"version-history":[{"count":7,"href":"https:\/\/www.mijas.es\/portal\/wp-json\/wp\/v2\/pages\/12090\/revisions"}],"predecessor-version":[{"id":62806,"href":"https:\/\/www.mijas.es\/portal\/wp-json\/wp\/v2\/pages\/12090\/revisions\/62806"}],"wp:featuredmedia":[{"embeddable":true,"href":"https:\/\/www.mijas.es\/portal\/wp-json\/wp\/v2\/media\/12675"}],"wp:attachment":[{"href":"https:\/\/www.mijas.es\/portal\/wp-json\/wp\/v2\/media?parent=12090"}],"curies":[{"name":"wp","href":"https:\/\/api.w.org\/{rel}","templated":true}]}}