{"id":10308,"date":"2019-01-10T09:57:23","date_gmt":"2019-01-10T09:57:23","guid":{"rendered":"http:\/\/192.168.0.42\/?page_id=10308"},"modified":"2019-06-04T14:07:18","modified_gmt":"2019-06-04T14:07:18","slug":"bandera-y-escudo-de-mijas","status":"publish","type":"page","link":"https:\/\/www.mijas.es\/portal\/tu-ayuntamiento\/bandera-y-escudo-de-mijas\/","title":{"rendered":"Bandera y Escudo de Mijas"},"content":{"rendered":"\n<p style=\"text-align:left\">En campo de plata, una torre de plata sobre un cerro, acostada de dos medios \u00e1rboles de su color. El blas\u00f3n est\u00e1 orlado exteriormente de flores de acanto de sinople, azur y gules y por timbre corona de oro de cinco florones culminados en perlas.<\/p>\n\n\n\n<h3 class=\"wp-block-heading\" style=\"text-align:center\">Escudo de Mijas<\/h3>\n\n\n\n<figure class=\"wp-block-image\"><p align=\"center\"><img decoding=\"async\" src=\"https:\/\/www.mijas.es\/wp-content\/uploads\/2019\/05\/escudo-1-300x293.png\" heigth=\"100%\" alt=\"\" data-id=\"21969\" data-link=\"https:\/\/www.mijas.es\/portal\/tu-ayuntamiento\/bandera-y-escudo-de-mijas\/escudo_de_mijas_web\/\" class=\"wp-image-21969\" width=\"300px\"><\/figure><\/p>\n\n\n\n<p>Bandera apaisada compuesta por tres franjas paralelas entre s\u00ed y perpendiculares al asta, la primera verde, la segunda blanca y la tercera azul. Sobre la franja blanca, centrado, el escudo de armas local.<\/p>\n\n\n\n<h3 class=\"wp-block-heading\" style=\"text-align:center\">Bandera de Mijas<\/h3>\n\n\n\n<figure class=\"wp-block-image\"><p align=\"center\"><img decoding=\"async\" width=\"400\" height=\"228\" src=\"https:\/\/www.mijas.es\/wp-content\/uploads\/2019\/05\/abandera_mijas.jpg\" heigth=\"100%\" alt=\"\" data-id=\"21973\" data-link=\"https:\/\/www.mijas.es\/portal\/abandera_mijas\/\" class=\"wp-image-21973\" srcset=\"https:\/\/www.mijas.es\/wp-content\/uploads\/2019\/05\/abandera_mijas.jpg 400w, https:\/\/www.mijas.es\/wp-content\/uploads\/2019\/05\/abandera_mijas-300x171.jpg 300w\" sizes=\"(max-width: 400px) 100vw, 400px\" \/><\/figure><\/p>\n","protected":false},"excerpt":{"rendered":"<p>En campo de plata, una torre de plata sobre un cerro, acostada de dos medios \u00e1rboles de su color. El blas\u00f3n est\u00e1 orlado exteriormente de flores de acanto de sinople, azur y gules y por timbre corona de oro de cinco florones culminados en perlas. Escudo de Mijas Bandera apaisada compuesta por tres franjas paralelas [&hellip;]<\/p>\n","protected":false},"author":1,"featured_media":0,"parent":7,"menu_order":0,"comment_status":"closed","ping_status":"closed","template":"page-departamental.php","meta":[],"_links":{"self":[{"href":"https:\/\/www.mijas.es\/portal\/wp-json\/wp\/v2\/pages\/10308"}],"collection":[{"href":"https:\/\/www.mijas.es\/portal\/wp-json\/wp\/v2\/pages"}],"about":[{"href":"https:\/\/www.mijas.es\/portal\/wp-json\/wp\/v2\/types\/page"}],"author":[{"embeddable":true,"href":"https:\/\/www.mijas.es\/portal\/wp-json\/wp\/v2\/users\/1"}],"replies":[{"embeddable":true,"href":"https:\/\/www.mijas.es\/portal\/wp-json\/wp\/v2\/comments?post=10308"}],"version-history":[{"count":10,"href":"https:\/\/www.mijas.es\/portal\/wp-json\/wp\/v2\/pages\/10308\/revisions"}],"predecessor-version":[{"id":24482,"href":"https:\/\/www.mijas.es\/portal\/wp-json\/wp\/v2\/pages\/10308\/revisions\/24482"}],"up":[{"embeddable":true,"href":"https:\/\/www.mijas.es\/portal\/wp-json\/wp\/v2\/pages\/7"}],"wp:attachment":[{"href":"https:\/\/www.mijas.es\/portal\/wp-json\/wp\/v2\/media?parent=10308"}],"curies":[{"name":"wp","href":"https:\/\/api.w.org\/{rel}","templated":true}]}}