{"id":10234,"date":"2018-11-16T12:08:53","date_gmt":"2018-11-16T12:08:53","guid":{"rendered":"http:\/\/192.168.0.42\/?page_id=10234"},"modified":"2026-01-13T13:44:36","modified_gmt":"2026-01-13T12:44:36","slug":"uso-y-privacidad","status":"publish","type":"page","link":"https:\/\/www.mijas.es\/portal\/uso-y-privacidad\/","title":{"rendered":"Pol\u00edtica de Privacidad"},"content":{"rendered":"<h3>Pol\u00edtica de Privacidad<\/h3>\n<p>A los efectos previstos en el Reglamento General de Protecci\u00f3n de Datos (Reglamento (UE) 2016\/679) y de la Ley Org\u00e1nica 3\/2018, de Protecci\u00f3n de Datos Personales y garant\u00eda de los derechos digitales, se le informa que los datos personales proporcionados se incorporar\u00e1n (o actualizar\u00e1n) a los tratamientos del Ayuntamiento de Mijas, con domicilio en Avda. Virgen de la Pe\u00f1a 2, 29650 Mijas (M\u00e1laga).<\/p>\n<p><strong>Responsable del tratamiento<\/strong><\/p>\n<p>El tratamiento que contendr\u00e1 la informaci\u00f3n facilitada en el formulario es titularidad del Ayuntamiento de Mijas. Para cualquier informaci\u00f3n adicional puede realizar cualquier consulta a trav\u00e9s de los siguientes medios:<\/p>\n<ul>\n<li>Tel\u00e9fono: (+34) 952 48 59 00<\/li>\n<li>Correo electr\u00f3nico: dpd.mijas@seguridadinformacion.com<\/li>\n<\/ul>\n<p><strong>Finalidad<\/strong><\/p>\n<p>En el Ayuntamiento de Mijas tratamos la informaci\u00f3n de las personas interesadas con diferentes finalidades, en relaci\u00f3n con la presente web:<\/p>\n<ul>\n<li>Gestionar las solicitudes de cita previa de los interesados a trav\u00e9s del apartado \u201cSolicitud de cita previa\u201d<\/li>\n<li>Gestionar las sugerencias de los interesados a trav\u00e9s del \u201cBuz\u00f3n de sugerencias\u201d<\/li>\n<li>Publicaci\u00f3n de im\u00e1genes de actos p\u00fablicos con fines promocionales o educativos<\/li>\n<li>Recibir informaci\u00f3n a trav\u00e9s de correo electr\u00f3nico o telef\u00f3nicamente, siempre que el interesado haya facilitado su consentimiento<\/li>\n<\/ul>\n<p>Los datos facilitados al Ayuntamiento de Mijas por los medios citados anteriormente ser\u00e1n tratados s\u00f3lo y exclusivamente para las finalidades previstas de cada formulario o procedimiento administrativo, no siendo utilizados para ning\u00fan otro fin.<\/p>\n<p>Los datos personales proporcionados se conservar\u00e1n mientras no se solicite su supresi\u00f3n por el interesado y, en este \u00faltimo caso, siempre y cuando no lo proh\u00edba expresamente la normativa vigente en materia de protecci\u00f3n de datos. La finalidad principal de este tratamiento no est\u00e1 supeditada al consentimiento de los datos que no sean necesarios para dicha finalidad principal.<\/p>\n<p><strong>Legitimaci\u00f3n<\/strong><\/p>\n<p>La legitimaci\u00f3n del tratamiento de sus datos personales encuentra su fundamento en el cumplimiento de una misi\u00f3n realizada en inter\u00e9s p\u00fablico o en el ejercicio de poderes p\u00fablicos o en el consentimiento del interesado, en el caso del env\u00edo de comunicaciones. Los datos personales solicitados son de car\u00e1cter obligatorio, por lo que su no cumplimentaci\u00f3n supone la imposibilidad de su inclusi\u00f3n en los tratamientos anteriormente descritos y el cumplimiento de las finalidades definidas en el p\u00e1rrafo anterior.<\/p>\n<p><strong>Destinatarios<\/strong><\/p>\n<p>El destinatario de los datos personales recogidos mediante la presente web ser\u00e1 el Ayuntamiento de Mijas. Igualmente, le informamos de que, para cumplir correctamente con los tr\u00e1mites y la petici\u00f3n de informaci\u00f3n, los datos podr\u00e1n ser cedidos a otros entes p\u00fablicos o privados dependientes del Ayuntamiento de Mijas, as\u00ed como a otras Administraciones p\u00fablicas, siempre que sea necesario para el ejercicio de sus propias competencias y est\u00e9 previsto en la legislaci\u00f3n vigente.<\/p>\n<p>El Ayuntamiento de Mijas no prev\u00e9 la transferencia de estos datos a terceros pa\u00edses.<\/p>\n<p><strong>Derechos<\/strong><\/p>\n<p>Cualquier persona tiene derecho a obtener confirmaci\u00f3n sobre si en el Ayuntamiento de Mijas estamos tratando datos personales que les conciernan o no.<\/p>\n<p>Las personas interesadas tienen derecho a acceder a sus datos personales, as\u00ed como a solicitar la rectificaci\u00f3n de los datos inexactos o, en su caso, solicitar su supresi\u00f3n cuando, entre otros motivos, los datos ya no sean necesarios para el cumplimiento de los fines para los que fueron recogidos y en cumplimiento de la legislaci\u00f3n vigente.<\/p>\n<p>En determinadas circunstancias, los interesados podr\u00e1n solicitar la limitaci\u00f3n del tratamiento de sus datos, en cuyo caso, \u00fanicamente, se conservar\u00e1n para el ejercicio de los derechos previstos anteriormente.<\/p>\n<p>En determinadas circunstancias y por motivos relacionados con su situaci\u00f3n particular, los interesados podr\u00e1n oponerse al tratamiento de sus datos.<\/p>\n<p>El Ayuntamiento de Mijas dejar\u00e1 de tratar los datos, salvo por motivos leg\u00edtimos imperiosos o en el ejercicio de los derechos anteriormente previstos.<\/p>\n<p>Asimismo, el interesado tiene derecho a recibir los datos personales que ha facilitado al Ayuntamiento de Mijas en un formato estructurado, de uso com\u00fan y legible por m\u00e1quina. Este \u00faltimo derecho quedar\u00e1 limitado por las siguientes excepciones: que los datos sobre los que recae este derecho, hayan sido facilitados por la persona interesada; que sus datos sean tratados por el Ayuntamiento de Mijas de manera automatizada (medios inform\u00e1ticos).<\/p>\n<h3>N\u00fameros de Emergencia<\/h3>\n<p>Le informamos que el Ayuntamiento de Mijas dispone de los siguientes n\u00fameros de emergencias: <strong>112, 952 46 08 08 y 952 46 09 09<\/strong>. Las llamadas que se efect\u00faen a estos n\u00fameros de emergencias ser\u00e1n grabadas para garantizar la seguridad y fiabilidad del servicio.<\/p>\n<h3>Pol\u00edtica de Seguridad y Protecci\u00f3n de Datos Personales<\/h3>\n<p>La pol\u00edtica de seguridad del Ayuntamiento de Mijas est\u00e1 presidida por el cumplimiento de la legalidad vigente en materia de protecci\u00f3n de datos de car\u00e1cter personal.<\/p>\n<p>De acuerdo con lo establecido en la Ley Org\u00e1nica 3\/2018 del 5 de Diciembre (Protecci\u00f3n de Datos y Garant\u00eda de Derechos Digitales), informamos que los datos que se faciliten mediante los distintos formularios de esta p\u00e1gina web, administraci\u00f3n electr\u00f3nica, mediante correo electr\u00f3nico o cualquier medio, que sus datos personales ser\u00e1n tratados e inscritos en la Agencia Espa\u00f1ola de Protecci\u00f3n de Datos a nombre del Ayuntamiento de Mijas.<\/p>\n<p>Los datos facilitados al Ayuntamiento de Mijas por lo medios citados anteriormente, ser\u00e1n tratados s\u00f3lo y exclusivamente para las finalidades previstas de cada formulario o procedimiento administrativo y en ning\u00fan caso se utilizar\u00e1n para otro fin ni siguiera dentro del propio Ayuntamiento de Mijas. Igualmente le informamos que para cumplir correctamente con los tr\u00e1mites y la petici\u00f3n de informaci\u00f3n, los datos se podr\u00e1n ser cedidos a otros entes p\u00fablicos o privados dependientes del Ayuntamiento de Mijas o a otras Administraciones p\u00fablicas solamente cuando sea necesario para el ejercicio de sus propias competencias y est\u00e9 previsto en la legislaci\u00f3n vigente.<\/p>\n<p>Para agilizar las comunicaciones del Ayuntamiento de Mijas, los usuarios y ciudadanos dan su consentimiento a recibir informaci\u00f3n por correo electr\u00f3nico o v\u00eda telef\u00f3nica si previamente han facilitado su direcci\u00f3n electr\u00f3nica o su n\u00famero de tel\u00e9fono.<\/p>\n<p>Se informa que en los espect\u00e1culos, ferias, talleres, cursos, actividades y eventos organizados por el Ayuntamiento de Mijas, se podr\u00e1n obtener fotograf\u00edas e im\u00e1genes con fines promocionales y educativos que podr\u00e1n ser utilizadas para estos fines en los medios que el Ayuntamiento de Mijas considere oportuno incluida esta p\u00e1gina web. En caso de oponerse, se lo deber\u00e1n comunicar a la persona que realice la fotograf\u00eda o filmaci\u00f3n o ejercer con posterioridad sus derechos en los t\u00e9rminos establecidos en la legislaci\u00f3n vigente en materia de protecci\u00f3n de datos.<\/p>\n<p>El Ayuntamiento de Mijas podr\u00e1 utilizar c\u00e1maras con la finalidad de promoci\u00f3n tur\u00edstica del municipio, estas c\u00e1maras no tienen como objetivo el captar personas identificadas o identificables. Por lo que si por motivos ajenos al Ayuntamiento de Mijas, alguna c\u00e1mara ha cambiado su orientaci\u00f3n y capta im\u00e1genes incorrectas o datos de personas identificables, se ruega sea comunicada lo antes posible al Ayuntamiento de Mijas de forma que se corrija este problema con la m\u00e1xima celeridad.<\/p>\n<p>El Ayuntamiento de Mijas, como responsable de los ficheros, tiene adoptadas las medidas de \u00edndole t\u00e9cnica y organizativas necesarias que garantizan la seguridad de los datos de car\u00e1cter personal y evitan su alteraci\u00f3n, p\u00e9rdida, tratamiento o acceso no autorizado, habida cuenta del estado de la tecnolog\u00eda, la naturaleza de los datos almacenados y los riesgos a que est\u00e1n expuestos, ya provengan de la acci\u00f3n humana o del medio f\u00edsico o natural.<\/p>\n<p>Se puede ejercer en los t\u00e9rminos establecidos en la legislaci\u00f3n vigente los derechos de acceso, rectificaci\u00f3n, supresi\u00f3n, limitaci\u00f3n del tratamiento, portabilidad y oposici\u00f3n, mediante email a dpd@seguridadinformacion.com \u00f3 carta escrita, en la que se adjuntar\u00e1 documento identificativo, dirigida al Ayuntamiento de Mijas en Avda. Virgen de la Pe\u00f1a 2, 29650 Mijas (M\u00e1laga).<\/p>\n<h3>Propiedad Intelectual<\/h3>\n<p>Los derechos de propiedad intelectual del contenido de las p\u00e1ginas Web, su dise\u00f1o gr\u00e1fico y c\u00f3digos son titularidad del Ayuntamiento de Mijas y, por tanto, queda prohibida su reproducci\u00f3n, distribuci\u00f3n, comunicaci\u00f3n p\u00fablica y transformaci\u00f3n, salvo para uso personal y privado.<\/p>\n<p>Las im\u00e1genes fotogr\u00e1ficas y textos contenidos en esta p\u00e1gina web est\u00e1n protegidas por la legislaci\u00f3n sobre propiedad intelectual. Queda prohibida su reproducci\u00f3n total o parcial, a excepci\u00f3n de uso privado de las mismas o salvo expresa concesi\u00f3n por parte del Ayuntamiento de Mijas.<\/p>\n<h3>Contenido Web y enlaces<\/h3>\n<p>El Ayuntamiento de Mijas no se responsabiliza del mal uso que se realice de los contenidos de sus p\u00e1ginas Web, siendo exclusiva responsabilidad de la persona que accede a ellos o los utilice.<\/p>\n<p>El Ayuntamiento de Mijas no asume responsabilidad alguna por la informaci\u00f3n contenida en p\u00e1ginas Web de terceros a las que se pueda acceder por enlaces (links) o buscadores de las p\u00e1ginas Web del Ayuntamiento de Mijas. La presencia de enlaces (links) en las p\u00e1ginas Web del Ayuntamiento de Mijas tendr\u00e1 finalidad meramente informativa y en ning\u00fan caso supone sugerencia, invitaci\u00f3n o recomendaci\u00f3n sobre los mismos.<\/p>\n<h3>Informaci\u00f3n t\u00e9cnica y aspectos de seguridad<\/h3>\n<p>Esta p\u00e1gina Web puede estar hospedada en los servidores propios del Ayuntamiento de Mijas o en distintos prestadores de servicios que siempre estar\u00e1n en territorio Espa\u00f1ol (en adelante el proveedor de servicios)<\/p>\n<p>Esta p\u00e1gina Web puede utilizar cookies para el mantenimiento de la sesi\u00f3n del usuario y para guardar informaci\u00f3n de configuraci\u00f3n de la p\u00e1gina Web. En ning\u00fan caso se almacenar\u00e1n datos de car\u00e1cter personal en la cookies ni se utilizar\u00e1n estas para obtener ni acceder a la informaci\u00f3n del usuario. Las cookies son fragmentos de informaci\u00f3n que se almacenan en el sitio del usuario que utiliza el navegador a petici\u00f3n del servidor de la p\u00e1gina Web. Los usuarios que no quieren recibir cookies o que deseen ser informados de cuando una cookie se va a instalar en su sistema, deber\u00e1n configurar su navegador para que funcione de esta forma. Tambi\u00e9n se informa que los usuarios pueden borrar todas la cookies generadas en cualquier momento.<\/p>\n<p>Cuando el usuario utiliza los servicios de Internet del Ayuntamiento de Mijas, la direcci\u00f3n IP, la fecha y hora, otros datos como el tipo de navegador y los lugares visitados de la p\u00e1gina podr\u00e1n ser almacenados en los servidores del Ayuntamiento o del proveedor de servicios. Esta informaci\u00f3n ser\u00e1 tratada por el Ayuntamiento de Mijas solamente para an\u00e1lisis estad\u00edstico y para mejorar la accesibilidad de los servicios de Internet.<\/p>\n<p>El Ayuntamiento de Mijas no ser\u00e1 responsable de posibles da\u00f1os o perjuicios que se pudieran derivar de interferencias, omisiones, interrupciones, virus inform\u00e1ticos, aver\u00edas telef\u00f3nicas, modificaciones malintencionadas o desconexiones en el funcionamiento operativo de este sistema electr\u00f3nico motivados por causas ajenas al Ayuntamiento de Mijas, as\u00ed como retrasos o bloqueos en el uso del presente sistema electr\u00f3nico causados por deficiencias o sobrecargas de l\u00edneas de datos contratados a un tercero o sobrecargas en el Centro de Procesos de Datos del proveedor de servicios, en el sistema de Internet o en otros sistemas electr\u00f3nicos, adem\u00e1s de da\u00f1os que puedan ser causados por terceras personas mediante intromisiones ileg\u00edtimas y fuera del control del Ayuntamiento de Mijas.<\/p>\n<p>Se exonera al Ayuntamiento de Mijas de responsabilidad ante cualquier da\u00f1o o perjuicio que pudiera sufrir el usuario como consecuencia de errores, defectos u omisiones en la informaci\u00f3n facilitada por el Ayuntamiento de Mijas siempre que proceda de fuentes ajenas al Ayuntamiento de Mijas.<\/p>\n<p>Para consultas sobre aspectos t\u00e9cnicos de la p\u00e1gina web, contacte con <span id=\"cloak32453\"><a href=\"mailto:webmaster@mijas.es\">webmaster@mijas.es<\/a><\/span><\/p>\n","protected":false},"excerpt":{"rendered":"<p>Pol\u00edtica de Privacidad A los efectos previstos en el Reglamento General de Protecci\u00f3n de Datos (Reglamento (UE) 2016\/679) y de la Ley Org\u00e1nica 3\/2018, de Protecci\u00f3n de Datos Personales y garant\u00eda de los derechos digitales, se le informa que los datos personales proporcionados se incorporar\u00e1n (o actualizar\u00e1n) a los tratamientos del Ayuntamiento de Mijas, con [&hellip;]<\/p>\n","protected":false},"author":1,"featured_media":12996,"parent":0,"menu_order":0,"comment_status":"closed","ping_status":"closed","template":"page-departamental.php","meta":[],"_links":{"self":[{"href":"https:\/\/www.mijas.es\/portal\/wp-json\/wp\/v2\/pages\/10234"}],"collection":[{"href":"https:\/\/www.mijas.es\/portal\/wp-json\/wp\/v2\/pages"}],"about":[{"href":"https:\/\/www.mijas.es\/portal\/wp-json\/wp\/v2\/types\/page"}],"author":[{"embeddable":true,"href":"https:\/\/www.mijas.es\/portal\/wp-json\/wp\/v2\/users\/1"}],"replies":[{"embeddable":true,"href":"https:\/\/www.mijas.es\/portal\/wp-json\/wp\/v2\/comments?post=10234"}],"version-history":[{"count":8,"href":"https:\/\/www.mijas.es\/portal\/wp-json\/wp\/v2\/pages\/10234\/revisions"}],"predecessor-version":[{"id":63270,"href":"https:\/\/www.mijas.es\/portal\/wp-json\/wp\/v2\/pages\/10234\/revisions\/63270"}],"wp:featuredmedia":[{"embeddable":true,"href":"https:\/\/www.mijas.es\/portal\/wp-json\/wp\/v2\/media\/12996"}],"wp:attachment":[{"href":"https:\/\/www.mijas.es\/portal\/wp-json\/wp\/v2\/media?parent=10234"}],"curies":[{"name":"wp","href":"https:\/\/api.w.org\/{rel}","templated":true}]}}