{"id":10224,"date":"2019-01-25T07:12:20","date_gmt":"2019-01-25T07:12:20","guid":{"rendered":"http:\/\/192.168.0.42\/?page_id=10224"},"modified":"2024-06-13T12:20:57","modified_gmt":"2024-06-13T11:20:57","slug":"contacto","status":"publish","type":"page","link":"https:\/\/www.mijas.es\/portal\/contacto\/","title":{"rendered":"Buz\u00f3n de Sugerencias"},"content":{"rendered":"\n<div class=\"row\">\n<div class=\"col-md-6\">\n<h1><strong><u>Ayuntamiento de Mijas<\/u><\/strong><br><\/h1>\n<iframe src=\"https:\/\/www.google.com\/maps\/embed?pb=!1m18!1m12!1m3!1d3203.237235725795!2d-4.63891068425402!3d36.596594979990975!2m3!1f0!2f0!3f0!3m2!1i1024!2i768!4f13.1!3m3!1m2!1s0xd72e2168a3c57a9%3A0x570d67ccacc04a8c!2sAyuntamiento+de+Mijas!5e0!3m2!1ses!2ses!4v1552033946418\" width=\"500\" height=\"450\" frameborder=\"0\" style=\"border:0\" allowfullscreen=\"\"><\/iframe>\n<br>Avenida Virgen de la Pe\u00f1a 2, 29650 Mijas (M\u00e1laga) Andaluc\u00eda <br>\nTel\u00e9fono: (+34) 952 48 59 00 \n<\/div>\n<div class=\"col-md-6\">\n<p><h2><strong><u>Buz\u00f3n de Sugerencias<\/u><\/strong><\/h2><\/p>\n\n\n\n<div class=\"wpcf7 no-js\" id=\"wpcf7-f10570-o1\" lang=\"es-ES\" dir=\"ltr\">\n<div class=\"screen-reader-response\"><p role=\"status\" aria-live=\"polite\" aria-atomic=\"true\"><\/p> <ul><\/ul><\/div>\n<form action=\"\/portal\/wp-json\/wp\/v2\/pages\/10224#wpcf7-f10570-o1\" method=\"post\" class=\"wpcf7-form init\" aria-label=\"Formulario de contacto\" novalidate=\"novalidate\" data-status=\"init\">\n<div style=\"display: none;\">\n<input type=\"hidden\" name=\"_wpcf7\" value=\"10570\" \/>\n<input type=\"hidden\" name=\"_wpcf7_version\" value=\"5.8.4\" \/>\n<input type=\"hidden\" name=\"_wpcf7_locale\" value=\"es_ES\" \/>\n<input type=\"hidden\" name=\"_wpcf7_unit_tag\" value=\"wpcf7-f10570-o1\" \/>\n<input type=\"hidden\" name=\"_wpcf7_container_post\" value=\"0\" \/>\n<input type=\"hidden\" name=\"_wpcf7_posted_data_hash\" value=\"\" \/>\n<\/div>\n<p><label> Tu nombre<br \/>\n<span class=\"wpcf7-form-control-wrap\" data-name=\"your-name\"><input size=\"30\" class=\"wpcf7-form-control wpcf7-text\" aria-invalid=\"false\" value=\"\" type=\"text\" name=\"your-name\" \/><\/span> <\/label>\n<\/p>\n<p><label> Tu correo electr\u00f3nico (requerido)<br \/>\n<span class=\"wpcf7-form-control-wrap\" data-name=\"your-email\"><input size=\"30\" class=\"wpcf7-form-control wpcf7-email wpcf7-validates-as-required wpcf7-text wpcf7-validates-as-email\" aria-required=\"true\" aria-invalid=\"false\" value=\"\" type=\"email\" name=\"your-email\" \/><\/span> <\/label>\n<\/p>\n<p><label> Tel\u00e9fono<br \/>\n<span class=\"wpcf7-form-control-wrap\" data-name=\"tel-739\"><input size=\"30\" class=\"wpcf7-form-control wpcf7-tel wpcf7-text wpcf7-validates-as-tel\" aria-invalid=\"false\" value=\"\" type=\"tel\" name=\"tel-739\" \/><\/span> <\/label>\n<\/p>\n<p><label> Asunto<br \/>\n<span class=\"wpcf7-form-control-wrap\" data-name=\"your-subject\"><input size=\"30\" class=\"wpcf7-form-control wpcf7-text\" aria-invalid=\"false\" value=\"\" type=\"text\" name=\"your-subject\" \/><\/span> <\/label>\n<\/p>\n<p><label> Tu mensaje<br \/>\n<span class=\"wpcf7-form-control-wrap\" data-name=\"your-message\"><textarea cols=\"40\" rows=\"10\" class=\"wpcf7-form-control wpcf7-textarea\" aria-invalid=\"false\" name=\"your-message\"><\/textarea><\/span> <\/label><br \/>\n<label><br \/>\n<span class=\"wpcf7-form-control-wrap\" data-name=\"checkbox-dpo\"><span class=\"wpcf7-form-control wpcf7-checkbox wpcf7-validates-as-required\"><span class=\"wpcf7-list-item first last\"><input type=\"checkbox\" name=\"checkbox-dpo[]\" value=\"Acepto las\" \/><span class=\"wpcf7-list-item-label\">Acepto las<\/span><\/span><\/span><\/span> <a href=\"https:\/\/www.mijas.es\/portal\/uso-y-privacidad\/\">p\u00f3litica privacidad<\/a><br \/>\n<\/label><br \/>\n<div id=\"cf7sr-69df6c91c4055\" class=\"cf7sr-g-recaptcha\" data-sitekey=\"6LcdoaUUAAAAAA6xhRWr_cKLHww6OitVXy2wFHKo\"><\/div><span class=\"wpcf7-form-control-wrap cf7sr-recaptcha\" data-name=\"cf7sr-recaptcha\"><input type=\"hidden\" name=\"cf7sr-recaptcha\" value=\"\" class=\"wpcf7-form-control\"><\/span>\n<\/p>\n<p><input class=\"wpcf7-form-control wpcf7-submit has-spinner btn btn-primary btn-lg btn-block\" type=\"submit\" value=\"Enviar\" \/>\n<\/p>\n<p><strong> Responsable:<\/strong> Ayuntamiento de Mijas<br \/>\n<strong>Finalidad:<\/strong> Gestionar los datos de los usuarios que formulan una sugerencia ante el Ayuntamiento<br \/>\n<strong>Legitimaci\u00f3n:<\/strong> Inter\u00e9s p\u00fablico<br \/>\nPara m\u00e1s informaci\u00f3n <a href=\"https:\/\/www.mijas.es\/portal\/uso-y-privacidad\/\" target=\"_blank\">Pol\u00edticas de Privacidad<\/a><br \/>\n<strong>Derechos:<\/strong> Los establecidos por el RGPD y la LOPDGDD\n<\/p><div class=\"wpcf7-response-output\" aria-hidden=\"true\"><\/div>\n<\/form>\n<\/div>\n\n\n\n\n<\/div>\n\n\n\n<\/div><\/div>\n\n\n\n<p><\/p>\n","protected":false},"excerpt":{"rendered":"<p>Ayuntamiento de Mijas Avenida Virgen de la Pe\u00f1a 2, 29650 Mijas (M\u00e1laga) Andaluc\u00eda Tel\u00e9fono: (+34) 952 48 59 00 Buz\u00f3n de Sugerencias<\/p>\n","protected":false},"author":1,"featured_media":0,"parent":0,"menu_order":0,"comment_status":"closed","ping_status":"closed","template":"page-fullwidth.php","meta":[],"_links":{"self":[{"href":"https:\/\/www.mijas.es\/portal\/wp-json\/wp\/v2\/pages\/10224"}],"collection":[{"href":"https:\/\/www.mijas.es\/portal\/wp-json\/wp\/v2\/pages"}],"about":[{"href":"https:\/\/www.mijas.es\/portal\/wp-json\/wp\/v2\/types\/page"}],"author":[{"embeddable":true,"href":"https:\/\/www.mijas.es\/portal\/wp-json\/wp\/v2\/users\/1"}],"replies":[{"embeddable":true,"href":"https:\/\/www.mijas.es\/portal\/wp-json\/wp\/v2\/comments?post=10224"}],"version-history":[{"count":34,"href":"https:\/\/www.mijas.es\/portal\/wp-json\/wp\/v2\/pages\/10224\/revisions"}],"predecessor-version":[{"id":56989,"href":"https:\/\/www.mijas.es\/portal\/wp-json\/wp\/v2\/pages\/10224\/revisions\/56989"}],"wp:attachment":[{"href":"https:\/\/www.mijas.es\/portal\/wp-json\/wp\/v2\/media?parent=10224"}],"curies":[{"name":"wp","href":"https:\/\/api.w.org\/{rel}","templated":true}]}}